{"id":1705,"date":"2025-09-04T09:12:07","date_gmt":"2025-09-04T08:12:07","guid":{"rendered":"https:\/\/www.lesproductionsduvendredi.com\/wordpress\/?page_id=1705"},"modified":"2025-09-05T10:07:25","modified_gmt":"2025-09-05T09:07:25","slug":"cheval-cheval","status":"publish","type":"page","link":"http:\/\/www.lesproductionsduvendredi.com\/wordpress\/cheval-cheval\/","title":{"rendered":"Cheval Cheval"},"content":{"rendered":"<div id=\"texte\" class=\"divup-wrap divup-wrap-1  divup-wrap-odd\" ><div id=\"divup-id-1\"\r\n\t\t\t\t\t\t\tclass=\"divup div-1 div-odd first total-div-1\">\n\n\n\n<h1 class=\"wp-block-heading titre\">CHEVAL CHEVAL<\/h1>\n\n\n\n<figure class=\"wp-block-image size-large\"><img loading=\"lazy\" decoding=\"async\" width=\"1024\" height=\"578\" src=\"http:\/\/www.lesproductionsduvendredi.com\/wordpress\/wp-content\/uploads\/2025\/09\/cheval-cheval-1024x578.jpg\" alt=\"\" class=\"wp-image-1706\" srcset=\"http:\/\/www.lesproductionsduvendredi.com\/wordpress\/wp-content\/uploads\/2025\/09\/cheval-cheval-1024x578.jpg 1024w, http:\/\/www.lesproductionsduvendredi.com\/wordpress\/wp-content\/uploads\/2025\/09\/cheval-cheval-300x169.jpg 300w, http:\/\/www.lesproductionsduvendredi.com\/wordpress\/wp-content\/uploads\/2025\/09\/cheval-cheval-768x433.jpg 768w, http:\/\/www.lesproductionsduvendredi.com\/wordpress\/wp-content\/uploads\/2025\/09\/cheval-cheval.jpg 1200w\" sizes=\"auto, (max-width: 1024px) 100vw, 1024px\" \/><\/figure>\n\n\n\n<h2 class=\"wp-block-heading\"><br>Un cheval, un autre cheval. Une batterie, un saxophone.<\/h2>\n\n\n\n<h2 class=\"wp-block-heading\">Ils improvisent. Ils font durer quelques attaques. C&rsquo;est chic.<\/h2>\n\n\n\n<h2 class=\"wp-block-heading\">Cheval Cheval s&rsquo;attaque aujourd&rsquo;hui aux \u00e9nigmes s\u00e9mantiques de l\u2019asym\u00e9trie dans les m\u00e9andres du Mississippi.<\/h2>\n\n\n\n<h2 class=\"wp-block-heading\">Pourquoi ob\u00e9ir, pourquoi s\u2019asseoir ? Quelle approche syst\u00e9mique nous d\u00e9voilera le lien entre une aristocratie anglophone cis-genre et l&rsquo;inconscient rebelle m\u00e9diatis\u00e9 ?<\/h2>\n\n\n\n<h1 class=\"wp-block-heading\">&nbsp;&nbsp;<\/h1>\n\n\n\n<h2 class=\"wp-block-heading\"><strong>Line up :<\/strong><\/h2>\n\n\n\n<p>Mathias Bayle : Batterie<br>Jean Lacarri\u00e8re : Saxophone, clarinette<\/p>\n\n\n\n<h1 class=\"wp-block-heading\">&nbsp;<\/h1>\n\n\n\n<h1 class=\"wp-block-heading\">VIDEO<\/h1>\n\n\n<div id=\"divup-post-1705-2\" class=\"divup-wrap divup-wrap-2  divup-wrap-even videoWrapper\" ><div id=\"divup-id-2\"\r\n\t\t\t\t\t\t\tclass=\"divup div-1 div-odd first total-div-2\">\n\n\n\n<figure class=\"wp-block-embed is-type-video is-provider-youtube wp-block-embed-youtube wp-embed-aspect-16-9 wp-has-aspect-ratio\"><div class=\"wp-block-embed__wrapper\">\n<iframe loading=\"lazy\" title=\"Cheval Cheval - un extrait en octobre 2023\" width=\"660\" height=\"371\" src=\"https:\/\/www.youtube.com\/embed\/KTnl82ng3po?feature=oembed\" frameborder=\"0\" allow=\"accelerometer; autoplay; clipboard-write; encrypted-media; gyroscope; picture-in-picture; web-share\" referrerpolicy=\"strict-origin-when-cross-origin\" allowfullscreen><\/iframe>\n<\/div><\/figure>\n\n\n<\/div><\/div>\n\n\n<\/div><\/div>\n\n\n<div id=\"infos\" class=\"divup-wrap divup-wrap-3  divup-wrap-odd mul-3\" ><div id=\"divup-id-3\"\r\n\t\t\t\t\t\t\tclass=\"divup div-1 div-odd first total-div-3\">\n\n\n\n<h1 class=\"wp-block-heading\">CONTACT PRODUCTION<\/h1>\n\n\n\n<p>Matthieu CARDON<br><a href=\"mailto:m.cardon@lesproductionsduvendredi.com\" target=\"_blank\" rel=\"noopener\">envoyer un mail<\/a><br>+ 33 688400331<\/p>\n\n\n\n<h1 class=\"wp-block-heading\">Tour<\/h1>\n\n\n<div class=\"simcal-calendar simcal-default-calendar simcal-default-calendar-list simcal-default-calendar-light\" data-calendar-id=\"1708\" data-timezone=\"UTC\" data-offset=\"0\" data-week-start=\"1\" data-calendar-start=\"1777420800\" data-calendar-end=\"1777420800\" data-events-first=\"0\" data-events-last=\"0\"><div class=\"simcal-calendar-list \"><nav class=\"simcal-calendar-head\">\n\t<div class=\"simcal-nav\">\n\t\t<button class=\"simcal-nav-button simcal-prev\" title=\"Pr\u00e9c\u00e9dent\" disabled=\"disabled\" aria-label=\"Pr\u00e9c\u00e9dent\">\n\t\t\t<i class=\"simcal-icon-left\"><\/i>\n\t\t<\/button>\n\t<\/div>\n\t<div class=\"simcal-nav simcal-current \" data-calendar-current=\"1777420800\">\n\t\t<h3 class=\"simcal-current-label\"> <\/h3>\n\t<\/div>\n\t<div class=\"simcal-nav\">\t\t<button class=\"simcal-nav-button simcal-next\" title=\"Suiv.\" disabled=\"disabled\" aria-label=\"Suiv.\">\t\t\t<i class=\"simcal-icon-right\"><\/i>\n\t\t<\/button>\n\t<\/div>\n<\/nav>\n<dl class=\"simcal-events-list-container\" data-prev=\"0\" data-next=\"1777420800\" data-heading-small=\"29 avril 2026\" data-heading-large=\"29 avril 2026\">\t<p>Aucune date de pr\u00e9vue pour l'instant...\t<\/p>\n<\/dl><div class=\"simcal-ajax-loader simcal-spinner-top\" style=\"display: none;\"><i class=\"simcal-icon-spinner simcal-icon-spin\"><\/i><\/div><\/div><\/div>\n\n\n<\/div><\/div>\n","protected":false},"excerpt":{"rendered":"<p>CHEVAL CHEVAL Un cheval, un autre cheval. Une batterie, un saxophone. Ils improvisent. Ils font durer quelques attaques. C&rsquo;est chic. Cheval Cheval s&rsquo;attaque aujourd&rsquo;hui aux \u00e9nigmes s\u00e9mantiques de l\u2019asym\u00e9trie dans les m\u00e9andres du Mississippi. Pourquoi ob\u00e9ir, pourquoi s\u2019asseoir ? Quelle approche syst\u00e9mique nous d\u00e9voilera le lien entre une aristocratie anglophone cis-genre et l&rsquo;inconscient rebelle m\u00e9diatis\u00e9 &hellip; <a href=\"http:\/\/www.lesproductionsduvendredi.com\/wordpress\/cheval-cheval\/\" class=\"more-link\">Continuer la lecture de <span class=\"screen-reader-text\">Cheval Cheval<\/span><\/a><\/p>\n","protected":false},"author":1,"featured_media":0,"parent":0,"menu_order":0,"comment_status":"closed","ping_status":"closed","template":"","meta":{"footnotes":""},"class_list":["post-1705","page","type-page","status-publish","hentry"],"_links":{"self":[{"href":"http:\/\/www.lesproductionsduvendredi.com\/wordpress\/wp-json\/wp\/v2\/pages\/1705","targetHints":{"allow":["GET"]}}],"collection":[{"href":"http:\/\/www.lesproductionsduvendredi.com\/wordpress\/wp-json\/wp\/v2\/pages"}],"about":[{"href":"http:\/\/www.lesproductionsduvendredi.com\/wordpress\/wp-json\/wp\/v2\/types\/page"}],"author":[{"embeddable":true,"href":"http:\/\/www.lesproductionsduvendredi.com\/wordpress\/wp-json\/wp\/v2\/users\/1"}],"replies":[{"embeddable":true,"href":"http:\/\/www.lesproductionsduvendredi.com\/wordpress\/wp-json\/wp\/v2\/comments?post=1705"}],"version-history":[{"count":4,"href":"http:\/\/www.lesproductionsduvendredi.com\/wordpress\/wp-json\/wp\/v2\/pages\/1705\/revisions"}],"predecessor-version":[{"id":1724,"href":"http:\/\/www.lesproductionsduvendredi.com\/wordpress\/wp-json\/wp\/v2\/pages\/1705\/revisions\/1724"}],"wp:attachment":[{"href":"http:\/\/www.lesproductionsduvendredi.com\/wordpress\/wp-json\/wp\/v2\/media?parent=1705"}],"curies":[{"name":"wp","href":"https:\/\/api.w.org\/{rel}","templated":true}]}}