{"id":157,"date":"2015-04-29T12:55:10","date_gmt":"2015-04-29T11:55:10","guid":{"rendered":"http:\/\/www.lesproductionsduvendredi.com\/wordpress\/?page_id=157"},"modified":"2025-09-05T11:10:18","modified_gmt":"2025-09-05T10:10:18","slug":"contacts","status":"publish","type":"page","link":"http:\/\/www.lesproductionsduvendredi.com\/wordpress\/contacts\/","title":{"rendered":"contacts"},"content":{"rendered":"<div id=\"divup-post-157\" class=\"divup-wrap divup-wrap-1  divup-wrap-odd contact\" ><div id=\"divup-id-1\"\r\n\t\t\t\t\t\t\tclass=\"divup div-1 div-odd first total-div-1\">\n<p><img loading=\"lazy\" decoding=\"async\" class=\"alignnone wp-image-1672 size-medium\" src=\"http:\/\/www.lesproductionsduvendredi.com\/wordpress\/wp-content\/uploads\/2025\/08\/Matthieu-Cardon-prod-vendredi-300x300.jpg\" alt=\"\" width=\"300\" height=\"300\" srcset=\"http:\/\/www.lesproductionsduvendredi.com\/wordpress\/wp-content\/uploads\/2025\/08\/Matthieu-Cardon-prod-vendredi-300x300.jpg 300w, http:\/\/www.lesproductionsduvendredi.com\/wordpress\/wp-content\/uploads\/2025\/08\/Matthieu-Cardon-prod-vendredi-150x150.jpg 150w, http:\/\/www.lesproductionsduvendredi.com\/wordpress\/wp-content\/uploads\/2025\/08\/Matthieu-Cardon-prod-vendredi.jpg 600w\" sizes=\"auto, (max-width: 300px) 100vw, 300px\" \/><\/p>\n<h2>Matthieu Cardon<\/h2>\n<p style=\"text-align: left;\">Charg\u00e9 de production<\/p>\n<p style=\"text-align: left;\"><a href=\"tel:+33688400331\" target=\"_blank\" rel=\"noopener\">+33 6 88 40 03 31<\/a><\/p>\n<p><a href=\"mailto:m.cardon@lesproductionsduvendredi.com\">envoyer un mail<\/a><\/p>\n<\/div><\/div>\n<hr \/>\n<div id=\"divup-post-157-2\" class=\"divup-wrap divup-wrap-2  divup-wrap-even contact-texte\" ><div id=\"divup-id-2\"\r\n\t\t\t\t\t\t\tclass=\"divup div-1 div-odd first total-div-2\">\n<h2 style=\"text-align: left;\"><strong>Si\u00e8ge social :<\/strong> 30 avenue Camille Pujol 31500 TOULOUSE<\/h2>\n<h2 style=\"text-align: left;\"><strong>N\u00b0 de licences : <\/strong>L-R-21-5474, L-R-21-5475<\/h2>\n<h2 style=\"text-align: left;\"><strong>Pr\u00e9sident de l&rsquo;association :<\/strong> Jean-Philippe BIRAC<\/h2>\n<h2 class=\"moz-quote-pre\"><strong>Secr\u00e9taire administrative :<\/strong> Isabelle Pelletan<\/h2>\n<h2 class=\"moz-quote-pre\"><strong>Expert comptable :<\/strong> Guy Dessut<\/h2>\n<hr \/>\n<p><strong>Cr\u00e9dits photos :<\/strong> Fanny Durand, Reto Andreoli, Lionel Pesqu\u00e9, Mehdi Benkler, James Drew Turner, Pierre Campistron, Jacky Cellier.<br \/>\nSi nous avons publi\u00e9 l&rsquo;une de vos photos et que vous n&rsquo;apparaissez pas dans cette liste, contactez-nous pour que nous puissions r\u00e9parer cet oubli !<\/p>\n<hr \/>\n<p><a href=\"https:\/\/www.ecotone-graphic.com\" target=\"_blank\" rel=\"noopener\"><strong>Site web :<\/strong> Fabrice Ferri\u00e8s<\/a><\/p>\n<\/div><\/div>\n","protected":false},"excerpt":{"rendered":"<p>Matthieu Cardon Charg\u00e9 de production +33 6 88 40 03 31 envoyer un mail Si\u00e8ge social : 30 avenue Camille Pujol 31500 TOULOUSE N\u00b0 de licences : L-R-21-5474, L-R-21-5475 Pr\u00e9sident de l&rsquo;association : Jean-Philippe BIRAC Secr\u00e9taire administrative : Isabelle Pelletan Expert comptable : Guy Dessut Cr\u00e9dits photos : Fanny Durand, Reto Andreoli, Lionel Pesqu\u00e9, Mehdi &hellip; <a href=\"http:\/\/www.lesproductionsduvendredi.com\/wordpress\/contacts\/\" class=\"more-link\">Continuer la lecture de <span class=\"screen-reader-text\">contacts<\/span><\/a><\/p>\n","protected":false},"author":1,"featured_media":0,"parent":0,"menu_order":0,"comment_status":"open","ping_status":"open","template":"page6.php","meta":{"footnotes":""},"class_list":["post-157","page","type-page","status-publish","hentry"],"_links":{"self":[{"href":"http:\/\/www.lesproductionsduvendredi.com\/wordpress\/wp-json\/wp\/v2\/pages\/157","targetHints":{"allow":["GET"]}}],"collection":[{"href":"http:\/\/www.lesproductionsduvendredi.com\/wordpress\/wp-json\/wp\/v2\/pages"}],"about":[{"href":"http:\/\/www.lesproductionsduvendredi.com\/wordpress\/wp-json\/wp\/v2\/types\/page"}],"author":[{"embeddable":true,"href":"http:\/\/www.lesproductionsduvendredi.com\/wordpress\/wp-json\/wp\/v2\/users\/1"}],"replies":[{"embeddable":true,"href":"http:\/\/www.lesproductionsduvendredi.com\/wordpress\/wp-json\/wp\/v2\/comments?post=157"}],"version-history":[{"count":60,"href":"http:\/\/www.lesproductionsduvendredi.com\/wordpress\/wp-json\/wp\/v2\/pages\/157\/revisions"}],"predecessor-version":[{"id":1754,"href":"http:\/\/www.lesproductionsduvendredi.com\/wordpress\/wp-json\/wp\/v2\/pages\/157\/revisions\/1754"}],"wp:attachment":[{"href":"http:\/\/www.lesproductionsduvendredi.com\/wordpress\/wp-json\/wp\/v2\/media?parent=157"}],"curies":[{"name":"wp","href":"https:\/\/api.w.org\/{rel}","templated":true}]}}