{"id":101,"date":"2015-04-29T10:45:19","date_gmt":"2015-04-29T09:45:19","guid":{"rendered":"http:\/\/www.lesproductionsduvendredi.com\/wordpress\/?page_id=101"},"modified":"2018-04-13T12:00:41","modified_gmt":"2018-04-13T11:00:41","slug":"match-fuse","status":"publish","type":"page","link":"http:\/\/www.lesproductionsduvendredi.com\/wordpress\/match-fuse\/","title":{"rendered":"MATCH&#038;FUSE : un r\u00e9seau pour la diffusion du jazz en Europe"},"content":{"rendered":"<p>&nbsp;<\/p>\n<p>&nbsp;<\/p>\n<p><img loading=\"lazy\" decoding=\"async\" class=\"grand wp-image-973 alignright\" src=\"http:\/\/www.lesproductionsduvendredi.com\/wordpress\/wp-content\/uploads\/2015\/04\/IMG_2476.jpg\" alt=\"\" width=\"286\" height=\"168\" \/><\/p>\n<h2>Match&amp;Fuse est un dispositif ayant pour vocation la <strong>promotion du jazz europ\u00e9en \u00e9mergent<\/strong> dans ses formes les plus originales, les plus exp\u00e9rimentales et donc les plus aventureuses.<\/h2>\n<h2><\/h2>\n<p>&nbsp;<\/p>\n<h2>Ce dispositif europ\u00e9en est coproduit par <strong>6 structures<\/strong> : Match&amp;Fuse (UK), Les Productions du Vendredi (Fr), Diatribe Records (Ir), Tofte Management (No), Megasound (It), Plan B (Pl).<\/h2>\n<h2><\/h2>\n<h2><\/h2>\n<p>&nbsp;<\/p>\n<h2><\/h2>\n<h2><\/h2>\n<h2>Ces structures de production organisent chaque ann\u00e9e des <strong>tourn\u00e9es europ\u00e9ennes en coplateau<\/strong> entre deux groupes originaires de pays diff\u00e9rents, sur leurs territoires respectifs. Elles organisent \u00e9galement \u00e0 tour de r\u00f4le <strong>un festival annuel.<\/strong><\/h2>\n<h2><\/h2>\n<p>&nbsp;<\/p>\n<h2><\/h2>\n<h2><strong>Match&amp;Fuse en quelques chiffres :<\/strong><\/h2>\n<h2><\/h2>\n<p>&nbsp;<\/p>\n<ul>\n<li>\n<h2>un r\u00e9seau europ\u00e9en de plus de 30 groupes<\/h2>\n<\/li>\n<li>\n<h2>10 tourn\u00e9es mont\u00e9es en 2015<\/h2>\n<\/li>\n<li>\n<h2>fr\u00e9quentation fes tival Londres 2012 : 2000 personnes<\/h2>\n<\/li>\n<li>\n<h2>fr\u00e9quentation festival Oslo 2013 : 3000 personnes<\/h2>\n<\/li>\n<li>\n<h2>fr\u00e9quentation festival Rome 2014 : 3500 personnes<\/h2>\n<\/li>\n<li>\n<h2>fr\u00e9quentation \u00ab mini \u00bb festival Toulouse 2015 : 1000 personnes<\/h2>\n<\/li>\n<\/ul>\n<p>&nbsp;<\/p>\n<h1 style=\"text-align: center;\"><\/h1>\n<h1 style=\"text-align: center;\"><strong>SITE OFFICIEL : <a href=\"http:\/\/www.matchandfuse.co.uk\/?tmpl=comingsoon\" target=\"_blank\" rel=\"noopener\">www.matchandfuse.com<\/a><\/strong><\/h1>\n<p>&nbsp;<\/p>\n<p>&nbsp;<\/p>\n<hr \/>\n<p>&nbsp;<\/p>\n<p>&nbsp;<\/p>\n<p>&nbsp;<\/p>\n<p>&nbsp;<\/p>\n<p>&nbsp;<\/p>\n<p>&nbsp;<\/p>\n<p>&nbsp;<\/p>\n","protected":false},"excerpt":{"rendered":"<p>&nbsp; &nbsp; Match&amp;Fuse est un dispositif ayant pour vocation la promotion du jazz europ\u00e9en \u00e9mergent dans ses formes les plus originales, les plus exp\u00e9rimentales et donc les plus aventureuses. &nbsp; Ce dispositif europ\u00e9en est coproduit par 6 structures : Match&amp;Fuse (UK), Les Productions du Vendredi (Fr), Diatribe Records (Ir), Tofte Management (No), Megasound (It), Plan &hellip; <a href=\"http:\/\/www.lesproductionsduvendredi.com\/wordpress\/match-fuse\/\" class=\"more-link\">Continuer la lecture de <span class=\"screen-reader-text\">MATCH&#038;FUSE : un r\u00e9seau pour la diffusion du jazz en Europe<\/span><\/a><\/p>\n","protected":false},"author":1,"featured_media":0,"parent":0,"menu_order":0,"comment_status":"open","ping_status":"open","template":"page3.php","meta":{"footnotes":""},"class_list":["post-101","page","type-page","status-publish","hentry"],"_links":{"self":[{"href":"http:\/\/www.lesproductionsduvendredi.com\/wordpress\/wp-json\/wp\/v2\/pages\/101","targetHints":{"allow":["GET"]}}],"collection":[{"href":"http:\/\/www.lesproductionsduvendredi.com\/wordpress\/wp-json\/wp\/v2\/pages"}],"about":[{"href":"http:\/\/www.lesproductionsduvendredi.com\/wordpress\/wp-json\/wp\/v2\/types\/page"}],"author":[{"embeddable":true,"href":"http:\/\/www.lesproductionsduvendredi.com\/wordpress\/wp-json\/wp\/v2\/users\/1"}],"replies":[{"embeddable":true,"href":"http:\/\/www.lesproductionsduvendredi.com\/wordpress\/wp-json\/wp\/v2\/comments?post=101"}],"version-history":[{"count":61,"href":"http:\/\/www.lesproductionsduvendredi.com\/wordpress\/wp-json\/wp\/v2\/pages\/101\/revisions"}],"predecessor-version":[{"id":1303,"href":"http:\/\/www.lesproductionsduvendredi.com\/wordpress\/wp-json\/wp\/v2\/pages\/101\/revisions\/1303"}],"wp:attachment":[{"href":"http:\/\/www.lesproductionsduvendredi.com\/wordpress\/wp-json\/wp\/v2\/media?parent=101"}],"curies":[{"name":"wp","href":"https:\/\/api.w.org\/{rel}","templated":true}]}}